{"id":129,"date":"2021-09-28T12:01:07","date_gmt":"2021-09-28T15:01:07","guid":{"rendered":"https:\/\/cef924753335.wordpress.com\/?page_id=129"},"modified":"2021-09-28T12:01:07","modified_gmt":"2021-09-28T15:01:07","slug":"beneficios","status":"publish","type":"page","link":"https:\/\/cef.com.ar\/page\/beneficios\/","title":{"rendered":"Beneficios"},"content":{"rendered":"\n<figure class=\"wp-block-pullquote has-border-color has-primary-border-color\" style=\"border-width:1px;\"><blockquote><p><span class=\"has-inline-color has-secondary-color\"><strong>Asesoramiento Legal<\/strong><\/span><\/p><cite>El presente beneficio abarca a todos los trabajadores afiliados a la entidad sindical los mismos tendr\u00e1n acceso al asesoramiento legal sobre materia laboral de forma gratuita con profesionales capacitados.<\/cite><\/blockquote><\/figure>\n\n\n\n<figure class=\"wp-block-pullquote has-border-color has-primary-border-color\" style=\"border-width:1px;\"><blockquote><p>Asesoramiento Gremial<\/p><cite>El presente beneficio abarca a todos los trabajadores afiliados a la entidad sindical los mismos tendr\u00e1n acceso al asesoramiento legal sobre materia laboral de forma gratuita con profesionales capacitados.<\/cite><\/blockquote><\/figure>\n\n\n\n<figure class=\"wp-block-pullquote has-border-color has-primary-border-color\" style=\"border-width:1px;\"><blockquote><p>Asesoramiento Previsional<\/p><cite>Todos los trabajadores afiliados a la entidad sindical tendr\u00e1n acceso al asesoramiento sobre materias de jubilaciones y pensiones.<\/cite><\/blockquote><\/figure>\n\n\n\n<figure class=\"wp-block-pullquote has-border-color has-primary-border-color\" style=\"border-width:1px;\"><blockquote><p>Bolsones Navide\u00f1os<\/p><cite>El presente beneficio alcanza a todos los trabajadores en relaci\u00f3n de dependencia adheridos al CENTRO EMPLEADOS DE FARMACIA . Para poder acceder a la entrega del bols\u00f3n navide\u00f1o solo deber\u00e1 presentar fotocopia del ultimo recibo de haberes.<\/cite><\/blockquote><\/figure>\n\n\n\n<figure class=\"wp-block-pullquote has-border-color has-primary-border-color\" style=\"border-width:1px;\"><blockquote><p>Participaci\u00f3n de juegos recreativos<\/p><cite>Tienen la posibilidad de poder participar de juegos anuales con premios y trofeo en futbol 5.-<br>Juegos como Futbol 5, sapo, truco.<\/cite><\/blockquote><\/figure>\n\n\n\n<figure class=\"wp-block-pullquote has-border-color has-primary-border-color\" style=\"border-width:1px;\"><blockquote><p>Kit de Utiles Escolares<\/p><cite>El presente beneficio alcanza a todos los hijos en edad escolar ya sea de nivel inicial, primario o secundario de todos los trabajadores en relaci\u00f3n de dependencia adheridos al Centro de Empleados de Farmacia.<br>Para hacerse acreedor de este beneficio deber\u00e1 presentar los siguientes requisitos:<br><strong>*<\/strong>\u00a0Ser afiliado sindical.<br><strong>*<\/strong>\u00a0Fotocopia de los hijos\/as en edad escolar.<br><strong>*<\/strong>\u00a0Presentar constancia de alumno regular o fotocopia de la libreta escolar.<strong>*<\/strong>\u00a0Fotocopia del ultimo recibo de haberes.<\/cite><\/blockquote><\/figure>\n\n\n\n<h4 class=\"wp-block-heading\">Curso de Capacitaci\u00f3n <\/h4>\n\n\n\n<p>El presente beneficio alcanza a todos los trabajadores en relaci\u00f3n de dependencia adheridos al CENTRO EMPLEADOS DE FARMACIA.<\/p>\n\n\n\n<p><strong>LA OBTENCION DEL TITULO OTORGA UNA REMUNERACION ADICIONAL PARA SU RECIBO DE SUELDO MENSUAL.<\/strong><\/p>\n\n\n\n<p>El curso esta destinado a los afiliados titulares que cumplan con los siguientes requisitos:<\/p>\n\n\n\n<p>1) &nbsp; Estar encuadrados en la categor\u00eda de \u00abPersonal en Gesti\u00f3n de Farmacia\u00bb o \u00abAyudante en Gesti\u00f3n de Farmacia\u00bb con una antig\u00fcedad m\u00ednima de 4 (cuatro) a\u00f1os en una misma farmacia o bien sumar 6 (seis) a\u00f1os en diferentes farmacias. Los trabajadores encuadrados en esta categor\u00eda participaran del curso de 1 (uno) a\u00f1o de duraci\u00f3n.<\/p>\n\n\n\n<p>2) &nbsp; Tambi\u00e9n podr\u00e1n inscribirse los compa\u00f1eros que acrediten ser \u00abAyudante en Gesti\u00f3n de Farmacia\u00bb con un m\u00ednimo de 3 (tres) a\u00f1os de antig\u00fcedad en esa categor\u00eda y \u00abAprendiz Ayudante\u00bb con un m\u00ednimo de 3 (tres) a\u00f1os en esa categor\u00eda. Los trabajadores encuadrados en esta categor\u00eda participaran del curso de 2 (dos) a\u00f1os de duraci\u00f3n.<\/p>\n\n\n\n<p>El curso esta destinado en principio a los compa\u00f1eros que est\u00e9n afiliados al sindicato, estos deber\u00e1n inscribirse a trav\u00e9s de la pagina de www.institutofatfa.com.ar<\/p>\n\n\n\n<p>Los trabajadores que no est\u00e9n afiliados podr\u00e1n inscribirse en la delegaci\u00f3n sindical.<\/p>\n\n\n\n<p>Para terminar de completar la inscripci\u00f3n deber\u00e1n presentar en la filial lo siguiente:<\/p>\n\n\n\n<p>1) &nbsp; Fotocopia de DNI.<\/p>\n\n\n\n<p>2) &nbsp; Fotocopia de los \u00faltimos 3 recibos de sueldos autenticados por el empleador.<\/p>\n\n\n\n<p>3) &nbsp; Poseer correo electr\u00f3nico.<\/p>\n\n\n\n<p>EL OBJETIVO DEL CURSO DE \u00abAUXILIAR EN GESTI\u00d3N DE FARMACIA\u00bb ES PODER JERARQUIZAR Y PERFECCIONAR LOS CONOCIMIENTOS DE LOS TRABAJADORES DE FARMACIA. <\/p>\n\n\n\n<p><strong>LA OBTENCION DEL TITULO OTORGA UNA REMUNERACION ADICIONAL PARA SU RECIBO DE SUELDO MENSUAL.<\/strong><\/p>\n\n\n\n<p><\/p>\n","protected":false},"excerpt":{"rendered":"<p>Asesoramiento Legal El presente beneficio abarca a todos los trabajadores afiliados a la entidad sindical los mismos tendr\u00e1n acceso al asesoramiento legal sobre materia laboral de forma gratuita con profesionales capacitados. Asesoramiento Gremial El presente beneficio abarca a todos los trabajadores afiliados a la entidad sindical los mismos tendr\u00e1n acceso al asesoramiento legal sobre materia [&hellip;]<\/p>\n","protected":false},"author":3,"featured_media":0,"parent":0,"menu_order":0,"comment_status":"closed","ping_status":"closed","template":"","meta":{"footnotes":""},"class_list":["post-129","page","type-page","status-publish","hentry"],"_links":{"self":[{"href":"https:\/\/cef.com.ar\/page\/wp-json\/wp\/v2\/pages\/129","targetHints":{"allow":["GET"]}}],"collection":[{"href":"https:\/\/cef.com.ar\/page\/wp-json\/wp\/v2\/pages"}],"about":[{"href":"https:\/\/cef.com.ar\/page\/wp-json\/wp\/v2\/types\/page"}],"author":[{"embeddable":true,"href":"https:\/\/cef.com.ar\/page\/wp-json\/wp\/v2\/users\/3"}],"replies":[{"embeddable":true,"href":"https:\/\/cef.com.ar\/page\/wp-json\/wp\/v2\/comments?post=129"}],"version-history":[{"count":0,"href":"https:\/\/cef.com.ar\/page\/wp-json\/wp\/v2\/pages\/129\/revisions"}],"wp:attachment":[{"href":"https:\/\/cef.com.ar\/page\/wp-json\/wp\/v2\/media?parent=129"}],"curies":[{"name":"wp","href":"https:\/\/api.w.org\/{rel}","templated":true}]}}